{"id":13,"date":"2018-01-24T20:04:55","date_gmt":"2018-01-24T19:04:55","guid":{"rendered":"http:\/\/www.holzpalais.de\/starnberger-see\/?page_id=13"},"modified":"2022-03-30T17:04:59","modified_gmt":"2022-03-30T15:04:59","slug":"ueberblick","status":"publish","type":"page","link":"https:\/\/www.holzpalais.de\/starnberger-see\/","title":{"rendered":"St. Heinrich am Starnberger See"},"content":{"rendered":"<p>Wir pr\u00e4sentieren Ihnen eine au\u00dfergew\u00f6hnliche Gelegenheit am S\u00fcdostufer des Starnberger Sees. Solche frei bebaubaren Grundst\u00fccke sind \u00e4u\u00dferst selten und sehr gefragt. Das herrliche, park\u00e4hnlich gelegene und ca. 3.360 qm gro\u00dfe Grundst\u00fcck liegt in allererster Baureihe in St. Heinrich am Starnberger See.<\/p>\n<p><img loading=\"lazy\" class=\"alignnone wp-image-207 aligncenter\" src=\"http:\/\/www.holzpalais.de\/starnberger-see\/wp-content\/uploads\/sites\/5\/2020\/02\/E1-Luftaufnahme-St.-Heinrich-mit-Kennzeichnung-300x224.jpg\" alt=\"\" width=\"800\" height=\"597\" srcset=\"https:\/\/www.holzpalais.de\/starnberger-see\/wp-content\/uploads\/sites\/5\/2020\/02\/E1-Luftaufnahme-St.-Heinrich-mit-Kennzeichnung-300x224.jpg 300w, https:\/\/www.holzpalais.de\/starnberger-see\/wp-content\/uploads\/sites\/5\/2020\/02\/E1-Luftaufnahme-St.-Heinrich-mit-Kennzeichnung-768x574.jpg 768w, https:\/\/www.holzpalais.de\/starnberger-see\/wp-content\/uploads\/sites\/5\/2020\/02\/E1-Luftaufnahme-St.-Heinrich-mit-Kennzeichnung-1024x766.jpg 1024w, https:\/\/www.holzpalais.de\/starnberger-see\/wp-content\/uploads\/sites\/5\/2020\/02\/E1-Luftaufnahme-St.-Heinrich-mit-Kennzeichnung-618x462.jpg 618w, https:\/\/www.holzpalais.de\/starnberger-see\/wp-content\/uploads\/sites\/5\/2020\/02\/E1-Luftaufnahme-St.-Heinrich-mit-Kennzeichnung-138x104.jpg 138w, https:\/\/www.holzpalais.de\/starnberger-see\/wp-content\/uploads\/sites\/5\/2020\/02\/E1-Luftaufnahme-St.-Heinrich-mit-Kennzeichnung-444x332.jpg 444w, https:\/\/www.holzpalais.de\/starnberger-see\/wp-content\/uploads\/sites\/5\/2020\/02\/E1-Luftaufnahme-St.-Heinrich-mit-Kennzeichnung.jpg 1055w\" sizes=\"(max-width: 800px) 100vw, 800px\" \/><\/p>\n<p>In erster Seereihe mit einem unverbaubaren Blick auf den Starnberger See entsteht in St. Heinrich auf einem park\u00e4hnlichen Grundst\u00fcck ein modernes Ensemble aus vier Doppelhaus-Villen und einer 5-Familien-Villa. Die exklusiven H\u00e4user werden in h\u00f6chster Wohnqualit\u00e4t in einer gesundheitsf\u00f6rdernden Bauweise u. a. aus Thoma Holz 100 durch die Holzpalais Starnberger See GmbH errichtet.<\/p>\n<p>Die Villen zeichnen sich durch flexible, moderne Grundrisse und lichtdurchflutete R\u00e4ume aus und bieten auf einer Wohn-\/Nutzfl\u00e4che von ca. 66 m\u00b2 bis ca. 217 m\u00b2 h\u00f6chsten Wohnkomfort. Von den gro\u00dfz\u00fcgigen Sonnenterrassen, Balkonen und Loggien genie\u00dfen Sie ganzt\u00e4gig eine unvergleichbare Aussicht auf den See und auf die Berge!<\/p>\n<p><img loading=\"lazy\" class=\"wp-image-42 aligncenter\" src=\"http:\/\/www.holzpalais.de\/starnberger-see\/wp-content\/uploads\/sites\/5\/2018\/01\/starnberger-see-1024x576.jpg\" alt=\"\" width=\"800\" height=\"450\" srcset=\"https:\/\/www.holzpalais.de\/starnberger-see\/wp-content\/uploads\/sites\/5\/2018\/01\/starnberger-see-1024x576.jpg 1024w, https:\/\/www.holzpalais.de\/starnberger-see\/wp-content\/uploads\/sites\/5\/2018\/01\/starnberger-see-300x169.jpg 300w, https:\/\/www.holzpalais.de\/starnberger-see\/wp-content\/uploads\/sites\/5\/2018\/01\/starnberger-see-768x432.jpg 768w, https:\/\/www.holzpalais.de\/starnberger-see\/wp-content\/uploads\/sites\/5\/2018\/01\/starnberger-see-618x348.jpg 618w, https:\/\/www.holzpalais.de\/starnberger-see\/wp-content\/uploads\/sites\/5\/2018\/01\/starnberger-see-444x250.jpg 444w, https:\/\/www.holzpalais.de\/starnberger-see\/wp-content\/uploads\/sites\/5\/2018\/01\/starnberger-see.jpg 1280w\" sizes=\"(max-width: 800px) 100vw, 800px\" \/><\/p>\n<p>Besonderheiten: Absolut exponierte Lage in einer der gefragtesten und werthaltigsten Wohnlagen Deutschlands, gesunde und \u00f6kologische Holzbauweise, gro\u00dfe Fensterfl\u00e4chen mit unverbaubarem Blick auf den Starnberger See, Fu\u00dfbodenheizung, Tiefgarage, gute Infrastruktur, idyllisches Seebad in Fu\u00dfweite.<br \/>\nF\u00fcr weitere Informationen stehen wir Ihnen gerne zur Verf\u00fcgung.<\/p>\n","protected":false},"excerpt":{"rendered":"<p>Wir pr\u00e4sentieren Ihnen eine au\u00dfergew\u00f6hnliche Gelegenheit am S\u00fcdostufer des Starnberger Sees. Solche frei bebaubaren Grundst\u00fccke sind \u00e4u\u00dferst selten und sehr gefragt. Das herrliche, park\u00e4hnlich gelegene und ca. 3.360 qm gro\u00dfe Grundst\u00fcck liegt in allererster Baureihe in St. Heinrich am Starnberger See. In erster Seereihe mit einem unverbaubaren Blick auf den Starnberger See entsteht in St. [&hellip;]<\/p>\n","protected":false},"author":1,"featured_media":0,"parent":0,"menu_order":0,"comment_status":"closed","ping_status":"closed","template":"","meta":[],"_links":{"self":[{"href":"https:\/\/www.holzpalais.de\/starnberger-see\/wp-json\/wp\/v2\/pages\/13"}],"collection":[{"href":"https:\/\/www.holzpalais.de\/starnberger-see\/wp-json\/wp\/v2\/pages"}],"about":[{"href":"https:\/\/www.holzpalais.de\/starnberger-see\/wp-json\/wp\/v2\/types\/page"}],"author":[{"embeddable":true,"href":"https:\/\/www.holzpalais.de\/starnberger-see\/wp-json\/wp\/v2\/users\/1"}],"replies":[{"embeddable":true,"href":"https:\/\/www.holzpalais.de\/starnberger-see\/wp-json\/wp\/v2\/comments?post=13"}],"version-history":[{"count":23,"href":"https:\/\/www.holzpalais.de\/starnberger-see\/wp-json\/wp\/v2\/pages\/13\/revisions"}],"predecessor-version":[{"id":453,"href":"https:\/\/www.holzpalais.de\/starnberger-see\/wp-json\/wp\/v2\/pages\/13\/revisions\/453"}],"wp:attachment":[{"href":"https:\/\/www.holzpalais.de\/starnberger-see\/wp-json\/wp\/v2\/media?parent=13"}],"curies":[{"name":"wp","href":"https:\/\/api.w.org\/{rel}","templated":true}]}}