{"id":41,"date":"2017-12-03T19:36:01","date_gmt":"2017-12-03T18:36:01","guid":{"rendered":"http:\/\/www.holzpalais.de\/dresden-wilder-mann\/?page_id=41"},"modified":"2020-04-23T08:53:35","modified_gmt":"2020-04-23T06:53:35","slug":"die-immobilie","status":"publish","type":"page","link":"https:\/\/www.holzpalais.de\/dresden-wilder-mann\/die-immobilie\/","title":{"rendered":"Ihre Vorteile auf einen Blick"},"content":{"rendered":"<p>&nbsp;<\/p>\n<p>+ Holzfenster mit Dreifachverglasung und hohen Schallschutzwerten<br \/>\n+ Holzfensterbretter und -fensterlaibungen<br \/>\n+ Massivholzparkett<br \/>\n+ Badkeramik und Armaturen von namhaften Markenherstellern<br \/>\n+ Niedertemperatur-Fu\u00dfboden-Heizsystem<br \/>\n+ Einsatz von schadstofffreien Silikatfarben auf nat\u00fcrlicher Rohstoffbasis<br \/>\n+ Balkonbel\u00e4ge aus Holzterrassendielung<br \/>\n+ Hochwertige Elektroausstattung<br \/>\n+ Elektrisch steuerbarer Sonnenschutz<br \/>\n+ In den Penth\u00e4usern alle Innenw\u00e4nde aus Holz100<br \/>\n+ Rauchmelder in allen Wohnungen<br \/>\n+ Barrierefrei mit Aufzug<br \/>\n+ Tiefgaragenstellplatz (Stellpl\u00e4tze f\u00fcr Elektroanschluss vorbereitet, auf Wunsch Fahrradstellplatz mit Elektroanschluss)<br \/>\n+ Individuelle Gestaltungsm\u00f6glichkeiten<br \/>\n+ \u00d6kologische W\u00e4rmebereitstellung mittels W\u00e4rmepumpe<br \/>\n+ leimfreie atmende Au\u00dfenw\u00e4nde aus Holz100; hervorragendes Raumklima durch ausgew\u00e4hlte Innenw\u00e4nde aus Holz100<\/p>\n<p><img loading=\"lazy\" class=\" wp-image-253 aligncenter\" src=\"http:\/\/www.holzpalais.de\/dresden-wilder-mann\/wp-content\/uploads\/sites\/6\/2018\/08\/GH141-Stra\u00dfenansicht-300x207.jpg\" alt=\"\" width=\"727\" height=\"501\" srcset=\"https:\/\/www.holzpalais.de\/dresden-wilder-mann\/wp-content\/uploads\/sites\/6\/2018\/08\/GH141-Stra\u00dfenansicht-300x207.jpg 300w, https:\/\/www.holzpalais.de\/dresden-wilder-mann\/wp-content\/uploads\/sites\/6\/2018\/08\/GH141-Stra\u00dfenansicht-768x530.jpg 768w, https:\/\/www.holzpalais.de\/dresden-wilder-mann\/wp-content\/uploads\/sites\/6\/2018\/08\/GH141-Stra\u00dfenansicht-1024x706.jpg 1024w, https:\/\/www.holzpalais.de\/dresden-wilder-mann\/wp-content\/uploads\/sites\/6\/2018\/08\/GH141-Stra\u00dfenansicht-1485x1024.jpg 1485w, https:\/\/www.holzpalais.de\/dresden-wilder-mann\/wp-content\/uploads\/sites\/6\/2018\/08\/GH141-Stra\u00dfenansicht-618x426.jpg 618w, https:\/\/www.holzpalais.de\/dresden-wilder-mann\/wp-content\/uploads\/sites\/6\/2018\/08\/GH141-Stra\u00dfenansicht-444x306.jpg 444w\" sizes=\"(max-width: 727px) 100vw, 727px\" \/><\/p>\n<p>&nbsp;<\/p>\n<p>&nbsp;<\/p>\n<p>Die Aufbereitung des Grundst\u00fccks und die Herstellung eines hochwertigen Oberbodens wird mit Mitteln aus dem Europ\u00e4ischen Fonds f\u00fcr regionale F\u00f6rderung EFRE 2014-2020 gef\u00f6rdert.<img loading=\"lazy\" class=\"wp-image-437 alignright\" src=\"http:\/\/www.holzpalais.de\/dresden-wilder-mann\/wp-content\/uploads\/sites\/6\/2019\/10\/Logo-300x77.jpg\" alt=\"\" width=\"240\" height=\"62\" srcset=\"https:\/\/www.holzpalais.de\/dresden-wilder-mann\/wp-content\/uploads\/sites\/6\/2019\/10\/Logo-300x77.jpg 300w, https:\/\/www.holzpalais.de\/dresden-wilder-mann\/wp-content\/uploads\/sites\/6\/2019\/10\/Logo-768x198.jpg 768w, https:\/\/www.holzpalais.de\/dresden-wilder-mann\/wp-content\/uploads\/sites\/6\/2019\/10\/Logo-1024x264.jpg 1024w, https:\/\/www.holzpalais.de\/dresden-wilder-mann\/wp-content\/uploads\/sites\/6\/2019\/10\/Logo-618x159.jpg 618w, https:\/\/www.holzpalais.de\/dresden-wilder-mann\/wp-content\/uploads\/sites\/6\/2019\/10\/Logo-444x114.jpg 444w, https:\/\/www.holzpalais.de\/dresden-wilder-mann\/wp-content\/uploads\/sites\/6\/2019\/10\/Logo.jpg 1339w\" sizes=\"(max-width: 240px) 100vw, 240px\" \/><\/p>\n<p>&nbsp;<\/p>\n","protected":false},"excerpt":{"rendered":"<p>&nbsp; + Holzfenster mit Dreifachverglasung und hohen Schallschutzwerten + Holzfensterbretter und -fensterlaibungen + Massivholzparkett + Badkeramik und Armaturen von namhaften Markenherstellern + Niedertemperatur-Fu\u00dfboden-Heizsystem + Einsatz von schadstofffreien Silikatfarben auf nat\u00fcrlicher Rohstoffbasis + Balkonbel\u00e4ge aus Holzterrassendielung + Hochwertige Elektroausstattung + Elektrisch steuerbarer Sonnenschutz + In den Penth\u00e4usern alle Innenw\u00e4nde aus Holz100 + Rauchmelder in allen Wohnungen [&hellip;]<\/p>\n","protected":false},"author":1,"featured_media":0,"parent":0,"menu_order":0,"comment_status":"closed","ping_status":"closed","template":"","meta":[],"_links":{"self":[{"href":"https:\/\/www.holzpalais.de\/dresden-wilder-mann\/wp-json\/wp\/v2\/pages\/41"}],"collection":[{"href":"https:\/\/www.holzpalais.de\/dresden-wilder-mann\/wp-json\/wp\/v2\/pages"}],"about":[{"href":"https:\/\/www.holzpalais.de\/dresden-wilder-mann\/wp-json\/wp\/v2\/types\/page"}],"author":[{"embeddable":true,"href":"https:\/\/www.holzpalais.de\/dresden-wilder-mann\/wp-json\/wp\/v2\/users\/1"}],"replies":[{"embeddable":true,"href":"https:\/\/www.holzpalais.de\/dresden-wilder-mann\/wp-json\/wp\/v2\/comments?post=41"}],"version-history":[{"count":14,"href":"https:\/\/www.holzpalais.de\/dresden-wilder-mann\/wp-json\/wp\/v2\/pages\/41\/revisions"}],"predecessor-version":[{"id":589,"href":"https:\/\/www.holzpalais.de\/dresden-wilder-mann\/wp-json\/wp\/v2\/pages\/41\/revisions\/589"}],"wp:attachment":[{"href":"https:\/\/www.holzpalais.de\/dresden-wilder-mann\/wp-json\/wp\/v2\/media?parent=41"}],"curies":[{"name":"wp","href":"https:\/\/api.w.org\/{rel}","templated":true}]}}