{"id":23,"date":"2017-12-03T19:33:10","date_gmt":"2017-12-03T18:33:10","guid":{"rendered":"http:\/\/www.holzpalais.de\/dresden-wilder-mann\/?page_id=23"},"modified":"2018-09-06T09:28:34","modified_gmt":"2018-09-06T07:28:34","slug":"die-lage","status":"publish","type":"page","link":"https:\/\/www.holzpalais.de\/dresden-wilder-mann\/die-lage\/","title":{"rendered":"Die Lage"},"content":{"rendered":"<p>Stets aufs Neue lassen sich Reisende vom Reiz des \u201eDeutschen Florenz\u201c verzaubern. Das Barockzeitalter wurde die Glanzzeit Dresdens schlechthin: pr\u00e4chtige Schl\u00f6sser, Palais, Kirchen und B\u00fcrgerh\u00e4user machen Dresden heute zur deutschen Barockstadt.<br \/>\nDresden bietet das Flair einer aufstrebenden Wissenschafts- und Wirtschaftsmetropole, aber auch das einer Kunst- und Kulturstadt im fast s\u00fcdl\u00e4ndisch anmutenden Elbtal. Dresden, die geschichtstr\u00e4chtige Hauptstadt des Bundeslandes Sachsen mit ca. 557.000 Einwohnern, besticht nicht nur mit weltber\u00fchmten Kunst- und Kultursch\u00e4tzen, sondern ist seit jeher auch ein ebenso bedeutender Wissenschafts- und Wirtschaftsstandort. Wissenschaft und Forschung gehen hier schon seit dem 17. Jahrhundert Hand in Hand mit Hochkultur und Kunstgenuss.<img loading=\"lazy\" class=\" wp-image-195 aligncenter\" src=\"http:\/\/www.holzpalais.de\/dresden-wilder-mann\/wp-content\/uploads\/sites\/6\/2018\/06\/Kirche-258x300.jpg\" alt=\"\" width=\"487\" height=\"567\" srcset=\"https:\/\/www.holzpalais.de\/dresden-wilder-mann\/wp-content\/uploads\/sites\/6\/2018\/06\/Kirche-258x300.jpg 258w, https:\/\/www.holzpalais.de\/dresden-wilder-mann\/wp-content\/uploads\/sites\/6\/2018\/06\/Kirche-618x719.jpg 618w, https:\/\/www.holzpalais.de\/dresden-wilder-mann\/wp-content\/uploads\/sites\/6\/2018\/06\/Kirche-382x444.jpg 382w, https:\/\/www.holzpalais.de\/dresden-wilder-mann\/wp-content\/uploads\/sites\/6\/2018\/06\/Kirche.jpg 758w\" sizes=\"(max-width: 487px) 100vw, 487px\" \/><\/p>\n<p>Stra\u00dfenbahn, Kinderkrippen, Kitas, Gesundheits-Fachgesch\u00e4fte, der Trachenberger Platz mit vielen Einkaufsm\u00f6glichkeiten und Schulen befinden sich in unmittelbarer Umgebung. Die Autobahnauffahrt Wilder Mann ist nur einen Katzensprung entfernt. F\u00fcr einen kleinen Spaziergang oder einen Ausflug am<br \/>\nWochenende lohnen sich die Junge Heide oder die Weinbergstra\u00dfe. Hier bekommt man einen gro\u00dfartigen Blick \u00fcber die Stadt. Das Dresdner Stra\u00dfenbahnmuseum mit Zeugnissen zur Stra\u00dfenbahngeschichte ist ebenfalls in ein paar Gehminuten erreichbar.<\/p>\n<p><img loading=\"lazy\" class=\"aligncenter wp-image-174\" src=\"http:\/\/www.holzpalais.de\/dresden-wilder-mann\/wp-content\/uploads\/sites\/6\/2018\/06\/Karte-300x246.jpg\" alt=\"\" width=\"731\" height=\"600\" srcset=\"https:\/\/www.holzpalais.de\/dresden-wilder-mann\/wp-content\/uploads\/sites\/6\/2018\/06\/Karte-300x246.jpg 300w, https:\/\/www.holzpalais.de\/dresden-wilder-mann\/wp-content\/uploads\/sites\/6\/2018\/06\/Karte-768x630.jpg 768w, https:\/\/www.holzpalais.de\/dresden-wilder-mann\/wp-content\/uploads\/sites\/6\/2018\/06\/Karte-618x507.jpg 618w, https:\/\/www.holzpalais.de\/dresden-wilder-mann\/wp-content\/uploads\/sites\/6\/2018\/06\/Karte-444x364.jpg 444w, https:\/\/www.holzpalais.de\/dresden-wilder-mann\/wp-content\/uploads\/sites\/6\/2018\/06\/Karte.jpg 969w\" sizes=\"(max-width: 731px) 100vw, 731px\" \/><\/p>\n<p>&nbsp;<\/p>\n","protected":false},"excerpt":{"rendered":"<p>Stets aufs Neue lassen sich Reisende vom Reiz des \u201eDeutschen Florenz\u201c verzaubern. Das Barockzeitalter wurde die Glanzzeit Dresdens schlechthin: pr\u00e4chtige Schl\u00f6sser, Palais, Kirchen und B\u00fcrgerh\u00e4user machen Dresden heute zur deutschen Barockstadt. Dresden bietet das Flair einer aufstrebenden Wissenschafts- und Wirtschaftsmetropole, aber auch das einer Kunst- und Kulturstadt im fast s\u00fcdl\u00e4ndisch anmutenden Elbtal. Dresden, die geschichtstr\u00e4chtige [&hellip;]<\/p>\n","protected":false},"author":1,"featured_media":0,"parent":0,"menu_order":0,"comment_status":"closed","ping_status":"closed","template":"","meta":[],"_links":{"self":[{"href":"https:\/\/www.holzpalais.de\/dresden-wilder-mann\/wp-json\/wp\/v2\/pages\/23"}],"collection":[{"href":"https:\/\/www.holzpalais.de\/dresden-wilder-mann\/wp-json\/wp\/v2\/pages"}],"about":[{"href":"https:\/\/www.holzpalais.de\/dresden-wilder-mann\/wp-json\/wp\/v2\/types\/page"}],"author":[{"embeddable":true,"href":"https:\/\/www.holzpalais.de\/dresden-wilder-mann\/wp-json\/wp\/v2\/users\/1"}],"replies":[{"embeddable":true,"href":"https:\/\/www.holzpalais.de\/dresden-wilder-mann\/wp-json\/wp\/v2\/comments?post=23"}],"version-history":[{"count":12,"href":"https:\/\/www.holzpalais.de\/dresden-wilder-mann\/wp-json\/wp\/v2\/pages\/23\/revisions"}],"predecessor-version":[{"id":265,"href":"https:\/\/www.holzpalais.de\/dresden-wilder-mann\/wp-json\/wp\/v2\/pages\/23\/revisions\/265"}],"wp:attachment":[{"href":"https:\/\/www.holzpalais.de\/dresden-wilder-mann\/wp-json\/wp\/v2\/media?parent=23"}],"curies":[{"name":"wp","href":"https:\/\/api.w.org\/{rel}","templated":true}]}}